{"id":5522,"date":"2018-02-06T13:07:29","date_gmt":"2018-02-06T15:07:29","guid":{"rendered":"https:\/\/www.theologyscienceflorida.com\/uccimer\/?page_id=5522"},"modified":"2023-09-25T11:00:42","modified_gmt":"2023-09-25T14:00:42","slug":"modalidad-virtual","status":"publish","type":"page","link":"https:\/\/www.theologyscienceflorida.com\/uccimer\/modalidad-virtual\/","title":{"rendered":"Modalidad Virtual"},"content":{"rendered":"<div class=\"flex_column av_one_full  flex_column_div av-zero-column-padding first  \" style='border-radius:0px; '><section class=\"av_textblock_section\"  itemscope=\"itemscope\" itemtype=\"https:\/\/schema.org\/CreativeWork\" ><div class='avia_textblock '   itemprop=\"text\" ><h1><strong>MODALIDAD VIRTUAL<\/strong><\/h1>\n<\/div><\/section><\/div>\n<div class=\"flex_column av_one_full  flex_column_div av-zero-column-padding first  \" style='border-radius:0px; '><section class=\"av_textblock_section\"  itemscope=\"itemscope\" itemtype=\"https:\/\/schema.org\/CreativeWork\" ><div class='avia_textblock '   itemprop=\"text\" ><p>Cada curso dentro de un programa acad\u00e9mico tiene de 6 a 8 horas de duraci\u00f3n, distribuidos en 3 o 4 m\u00f3dulos . Despu\u00e9s de confirmar la participaci\u00f3n en cada curso correspondiente en? la agenda de su programa acad\u00e9mico, el estudiante recibe un c\u00f3digo para entrar al Campus Virtual de UCCIMER-PY. Desde all\u00ed podr\u00e1 acceder y tomar la clase en el lenguaje y al ritmo m\u00e1s conveniente. Los cursos virtuales de UCCIMER-PY han llegado a varios lugares del mundo, donde miles de estudiantes se han graduado desde la comodidad de su hogar u oficina. Algunos programas s\u00f3lo est\u00e1n disponibles en modalidad Virtual ypuede incluir la transmisi\u00f3n de clases en vivo. Dentro de esta modalidad de estudio, es posible que el estudiante inicie un programa acad\u00e9mico en el momento deseado.<\/p>\n<h4 style=\"text-align: center;\"><strong>Todos los Programas est\u00e1n normalmente disponibles en modalidad virtual. Dependiendo de la ubicaci\u00f3n geogr\u00e1fica \u00e9sta podr\u00eda ser la \u00fanica manera de conducir los estudios.<\/strong><\/h4>\n<\/div><\/section><\/div>\n","protected":false},"excerpt":{"rendered":"","protected":false},"author":1,"featured_media":0,"parent":0,"menu_order":0,"comment_status":"closed","ping_status":"closed","template":"","meta":{"content-type":"","footnotes":""},"class_list":["post-5522","page","type-page","status-publish","hentry"],"_links":{"self":[{"href":"https:\/\/www.theologyscienceflorida.com\/uccimer\/wp-json\/wp\/v2\/pages\/5522","targetHints":{"allow":["GET"]}}],"collection":[{"href":"https:\/\/www.theologyscienceflorida.com\/uccimer\/wp-json\/wp\/v2\/pages"}],"about":[{"href":"https:\/\/www.theologyscienceflorida.com\/uccimer\/wp-json\/wp\/v2\/types\/page"}],"author":[{"embeddable":true,"href":"https:\/\/www.theologyscienceflorida.com\/uccimer\/wp-json\/wp\/v2\/users\/1"}],"replies":[{"embeddable":true,"href":"https:\/\/www.theologyscienceflorida.com\/uccimer\/wp-json\/wp\/v2\/comments?post=5522"}],"version-history":[{"count":5,"href":"https:\/\/www.theologyscienceflorida.com\/uccimer\/wp-json\/wp\/v2\/pages\/5522\/revisions"}],"predecessor-version":[{"id":7962,"href":"https:\/\/www.theologyscienceflorida.com\/uccimer\/wp-json\/wp\/v2\/pages\/5522\/revisions\/7962"}],"wp:attachment":[{"href":"https:\/\/www.theologyscienceflorida.com\/uccimer\/wp-json\/wp\/v2\/media?parent=5522"}],"curies":[{"name":"wp","href":"https:\/\/api.w.org\/{rel}","templated":true}]}}