{"id":5490,"date":"2018-02-06T12:53:18","date_gmt":"2018-02-06T14:53:18","guid":{"rendered":"https:\/\/www.theologyscienceflorida.com\/uccimer\/?page_id=5490"},"modified":"2023-09-25T10:56:10","modified_gmt":"2023-09-25T13:56:10","slug":"por-que-uccimer-py","status":"publish","type":"page","link":"https:\/\/www.theologyscienceflorida.com\/uccimer\/por-que-uccimer-py\/","title":{"rendered":"\u00bfPor Qu\u00e9 UCCIMER \u2013 PY?"},"content":{"rendered":"<div class=\"flex_column av_one_full  flex_column_div av-zero-column-padding first  \" style='border-radius:0px; '><section class=\"av_textblock_section\"  itemscope=\"itemscope\" itemtype=\"https:\/\/schema.org\/CreativeWork\" ><div class='avia_textblock '   itemprop=\"text\" ><h1><strong>LA FACULDAD<\/strong><\/h1>\n<\/div><\/section><\/div>\n<div class=\"flex_column av_one_full  flex_column_div av-zero-column-padding first  \" style='border-radius:0px; '><section class=\"av_textblock_section\"  itemscope=\"itemscope\" itemtype=\"https:\/\/schema.org\/CreativeWork\" ><div class='avia_textblock '   itemprop=\"text\" ><ul>\n<li>Fundada en 2006, creci\u00f3 a partir del movimiento educativo oriundo de la<br \/>\nIglesia asamblea de Dios para una universidad de alcance global.<\/li>\n<li>Los cursos se entregan en varios formatos, permitiendo una carga horaria<br \/>\nflexible: online, transmisi\u00f3n en vivo, y presencial.<\/li>\n<li>Los programas en Ingl\u00e9s, espa\u00f1ol y portugu\u00e9s.<\/li>\n<li>Eventos internacionales con sede regular en los Estados Unidos, y en otras partes del mundo, con el fin de intercambiar conocimientos y experiencias.<\/li>\n<li>Curso de Comunicaci\u00f3n Personal conductual incluido en todos los programas, con un informe de perfil proporcionado para cada alumno.<\/li>\n<li>Red de profesores de varias nacionalidades y contextos profesionales.<\/li>\n<li>Precios y condiciones de pago asequibles.<\/li>\n<li>Posibilidad de validar experiencias cualificadas de la vida para contar como<br \/>\ncr\u00e9ditos del curso. (T\u00e9cnico y Bachillerato s\u00f3lo).<\/li>\n<li>Comprometidos con los principios cristianos en la vida y en los negocios.<\/li>\n<\/ul>\n<\/div><\/section><\/div>\n","protected":false},"excerpt":{"rendered":"","protected":false},"author":1,"featured_media":0,"parent":0,"menu_order":0,"comment_status":"closed","ping_status":"closed","template":"","meta":{"content-type":"","footnotes":""},"class_list":["post-5490","page","type-page","status-publish","hentry"],"_links":{"self":[{"href":"https:\/\/www.theologyscienceflorida.com\/uccimer\/wp-json\/wp\/v2\/pages\/5490","targetHints":{"allow":["GET"]}}],"collection":[{"href":"https:\/\/www.theologyscienceflorida.com\/uccimer\/wp-json\/wp\/v2\/pages"}],"about":[{"href":"https:\/\/www.theologyscienceflorida.com\/uccimer\/wp-json\/wp\/v2\/types\/page"}],"author":[{"embeddable":true,"href":"https:\/\/www.theologyscienceflorida.com\/uccimer\/wp-json\/wp\/v2\/users\/1"}],"replies":[{"embeddable":true,"href":"https:\/\/www.theologyscienceflorida.com\/uccimer\/wp-json\/wp\/v2\/comments?post=5490"}],"version-history":[{"count":6,"href":"https:\/\/www.theologyscienceflorida.com\/uccimer\/wp-json\/wp\/v2\/pages\/5490\/revisions"}],"predecessor-version":[{"id":7956,"href":"https:\/\/www.theologyscienceflorida.com\/uccimer\/wp-json\/wp\/v2\/pages\/5490\/revisions\/7956"}],"wp:attachment":[{"href":"https:\/\/www.theologyscienceflorida.com\/uccimer\/wp-json\/wp\/v2\/media?parent=5490"}],"curies":[{"name":"wp","href":"https:\/\/api.w.org\/{rel}","templated":true}]}}