{"id":5487,"date":"2018-02-06T12:51:03","date_gmt":"2018-02-06T14:51:03","guid":{"rendered":"https:\/\/www.theologyscienceflorida.com\/uccimer\/?page_id=5487"},"modified":"2023-09-25T10:58:51","modified_gmt":"2023-09-25T13:58:51","slug":"red-internacional-y-socios","status":"publish","type":"page","link":"https:\/\/www.theologyscienceflorida.com\/uccimer\/red-internacional-y-socios\/","title":{"rendered":"Red Internacional y Socios"},"content":{"rendered":"<div class=\"flex_column av_one_full  flex_column_div av-zero-column-padding first  \" style='border-radius:0px; '><section class=\"av_textblock_section\"  itemscope=\"itemscope\" itemtype=\"https:\/\/schema.org\/CreativeWork\" ><div class='avia_textblock '   itemprop=\"text\" ><h1><strong>RED INTERNACIONAL Y SOCIOS<\/strong><\/h1>\n<\/div><\/section><\/div>\n<div class=\"flex_column av_one_full  flex_column_div av-zero-column-padding first  \" style='border-radius:0px; '><section class=\"av_textblock_section\"  itemscope=\"itemscope\" itemtype=\"https:\/\/schema.org\/CreativeWork\" ><div class='avia_textblock '   itemprop=\"text\" ><p>La visi\u00f3n de UCCIMER-PY es ser una instituci\u00f3n de alcance global que, mediante la utilizaci\u00f3n de las \u00faltimas tecnolog\u00edas virtuales, conecte diferentes socios estrat\u00e9gicos, a una amplia red de profesores. desarrollando una exhaustiva colaboraci\u00f3n con socios y sucursales en todo el mundo. A trav\u00e9s de asociaciones con instituciones educativas, UCCIMER-PY puede ampliar su alcance geogr\u00e1fico e institucional , mejorar las pr\u00e1cticas educativas mediante el intercambio de informaci\u00f3n y complementar sus servicios estudiantiles mediante la combinaci\u00f3n de ofertas acad\u00e9micas. Un n\u00facleo acad\u00e9mico funciona como una sede avanzado para un cierto programa definido, cumpliendo funciones b\u00e1sicas para ayudar a los estudiantes locales, organizar y coordinar la infraestructura, clases y eventos espec\u00edficos .<\/p>\n<\/div><\/section><\/div>\n","protected":false},"excerpt":{"rendered":"","protected":false},"author":1,"featured_media":0,"parent":0,"menu_order":0,"comment_status":"closed","ping_status":"closed","template":"","meta":{"content-type":"","footnotes":""},"class_list":["post-5487","page","type-page","status-publish","hentry"],"_links":{"self":[{"href":"https:\/\/www.theologyscienceflorida.com\/uccimer\/wp-json\/wp\/v2\/pages\/5487","targetHints":{"allow":["GET"]}}],"collection":[{"href":"https:\/\/www.theologyscienceflorida.com\/uccimer\/wp-json\/wp\/v2\/pages"}],"about":[{"href":"https:\/\/www.theologyscienceflorida.com\/uccimer\/wp-json\/wp\/v2\/types\/page"}],"author":[{"embeddable":true,"href":"https:\/\/www.theologyscienceflorida.com\/uccimer\/wp-json\/wp\/v2\/users\/1"}],"replies":[{"embeddable":true,"href":"https:\/\/www.theologyscienceflorida.com\/uccimer\/wp-json\/wp\/v2\/comments?post=5487"}],"version-history":[{"count":6,"href":"https:\/\/www.theologyscienceflorida.com\/uccimer\/wp-json\/wp\/v2\/pages\/5487\/revisions"}],"predecessor-version":[{"id":6613,"href":"https:\/\/www.theologyscienceflorida.com\/uccimer\/wp-json\/wp\/v2\/pages\/5487\/revisions\/6613"}],"wp:attachment":[{"href":"https:\/\/www.theologyscienceflorida.com\/uccimer\/wp-json\/wp\/v2\/media?parent=5487"}],"curies":[{"name":"wp","href":"https:\/\/api.w.org\/{rel}","templated":true}]}}