{"id":5462,"date":"2018-02-06T02:02:45","date_gmt":"2018-02-06T04:02:45","guid":{"rendered":"https:\/\/www.theologyscienceflorida.com\/uccimer\/?page_id=5462"},"modified":"2023-09-25T11:10:57","modified_gmt":"2023-09-25T14:10:57","slug":"interministry-2018","status":"publish","type":"page","link":"https:\/\/www.theologyscienceflorida.com\/uccimer\/interministry-2018\/","title":{"rendered":"InterMinistry 2018"},"content":{"rendered":"<div class=\"flex_column av_one_full  flex_column_div av-zero-column-padding first  \" style='border-radius:0px; '><section class=\"av_textblock_section\"  itemscope=\"itemscope\" itemtype=\"https:\/\/schema.org\/CreativeWork\" ><div class='avia_textblock '   itemprop=\"text\" ><h1 style=\"text-align: center;\"><strong>InterMinistry 2018<\/strong><\/h1>\n<h2 style=\"text-align: center;\"><strong>23-24 de Marzo\u00a0 |\u00a0 PY<\/strong><\/h2>\n<p style=\"text-align: center;\">Creemos que un encuentro con Dios puede cambiar todo. En el libro de Isa\u00edas 43:19, Dios dice: \u201c\u00a1Voy a hacer algo nuevo! Ya est\u00e1 sucediendo, \u00bfno se dan cuenta? Estoy abriendo un camino en el desierto, y r\u00edos en lugares desolados.\u201d<\/p>\n<p style=\"text-align: center;\">Y todos nos encontramos con Dios en nuestra vida cotidiana, pero es muy importante, de vez en cuando, dejar de lado todo lo dem\u00e1s para dar a Dios y a nosotros mismos un tiempo especial dedicado a la comuni\u00f3n. Al hacer algo extraordinario para \u00c9l. \u00c9l har\u00e1 algo extraordinario para ti.<\/p>\n<h3 style=\"text-align: center;\"><strong>\u00danase a nosotros para buscar su rostro y hacer espacio para el encuentro con el Rey.<\/strong><\/h3>\n<\/div><\/section><\/div>\n","protected":false},"excerpt":{"rendered":"","protected":false},"author":1,"featured_media":0,"parent":0,"menu_order":0,"comment_status":"closed","ping_status":"closed","template":"","meta":{"content-type":"","footnotes":""},"class_list":["post-5462","page","type-page","status-publish","hentry"],"_links":{"self":[{"href":"https:\/\/www.theologyscienceflorida.com\/uccimer\/wp-json\/wp\/v2\/pages\/5462","targetHints":{"allow":["GET"]}}],"collection":[{"href":"https:\/\/www.theologyscienceflorida.com\/uccimer\/wp-json\/wp\/v2\/pages"}],"about":[{"href":"https:\/\/www.theologyscienceflorida.com\/uccimer\/wp-json\/wp\/v2\/types\/page"}],"author":[{"embeddable":true,"href":"https:\/\/www.theologyscienceflorida.com\/uccimer\/wp-json\/wp\/v2\/users\/1"}],"replies":[{"embeddable":true,"href":"https:\/\/www.theologyscienceflorida.com\/uccimer\/wp-json\/wp\/v2\/comments?post=5462"}],"version-history":[{"count":3,"href":"https:\/\/www.theologyscienceflorida.com\/uccimer\/wp-json\/wp\/v2\/pages\/5462\/revisions"}],"predecessor-version":[{"id":7989,"href":"https:\/\/www.theologyscienceflorida.com\/uccimer\/wp-json\/wp\/v2\/pages\/5462\/revisions\/7989"}],"wp:attachment":[{"href":"https:\/\/www.theologyscienceflorida.com\/uccimer\/wp-json\/wp\/v2\/media?parent=5462"}],"curies":[{"name":"wp","href":"https:\/\/api.w.org\/{rel}","templated":true}]}}