{"id":5450,"date":"2018-02-06T01:57:17","date_gmt":"2018-02-06T03:57:17","guid":{"rendered":"https:\/\/www.theologyscienceflorida.com\/uccimer\/?page_id=5450"},"modified":"2023-09-28T10:51:45","modified_gmt":"2023-09-28T13:51:45","slug":"home","status":"publish","type":"page","link":"https:\/\/www.theologyscienceflorida.com\/uccimer\/","title":{"rendered":"Home"},"content":{"rendered":"<div id='layer_slider_1' class='avia-layerslider main_color avia-shadow  container_wrap fullsize'    style='height: 501px;' ><script type=\"text\/javascript\">jQuery(function() { _initLayerSlider( '#layerslider_3_foier8xm8kay', {sliderVersion: '7.7.8', type: 'fullwidth', allowFullscreen: true, pauseOnHover: 'enabled', keybNav: false, skin: 'fullwidth', sliderFadeInDuration: 350, globalBGSize: 'cover', navStartStop: false, showCircleTimer: false, thumbnailNavigation: 'disabled', autoPlayVideos: false, useSrcset: true, skinsPath: 'https:\/\/www.theologyscienceflorida.com\/uccimer\/wp-content\/plugins\/LayerSlider\/assets\/static\/layerslider\/skins\/', performanceMode: true}); });<\/script><div id=\"layerslider_3_foier8xm8kay\" class=\"ls-wp-container fitvidsignore\" style=\"width:1500px;height:500px;margin:0 auto;margin-bottom: 0px;\"><div class=\"ls-slide\" data-ls=\"bgsize:cover;bgposition:50% 0%;duration:5000;kenburnsscale:1.2;\"><img loading=\"lazy\" decoding=\"async\" width=\"1680\" height=\"540\" src=\"https:\/\/www.theologyscienceflorida.com\/uccimer\/wp-content\/uploads\/2023\/10\/banner_principal_ES.jpg\" class=\"ls-bg\" alt=\"\" srcset=\"https:\/\/www.theologyscienceflorida.com\/uccimer\/wp-content\/uploads\/2023\/10\/banner_principal_ES.jpg 1680w, https:\/\/www.theologyscienceflorida.com\/uccimer\/wp-content\/uploads\/2023\/10\/banner_principal_ES-500x161.jpg 500w, https:\/\/www.theologyscienceflorida.com\/uccimer\/wp-content\/uploads\/2023\/10\/banner_principal_ES-1030x331.jpg 1030w, https:\/\/www.theologyscienceflorida.com\/uccimer\/wp-content\/uploads\/2023\/10\/banner_principal_ES-1536x494.jpg 1536w, https:\/\/www.theologyscienceflorida.com\/uccimer\/wp-content\/uploads\/2023\/10\/banner_principal_ES-1500x482.jpg 1500w, https:\/\/www.theologyscienceflorida.com\/uccimer\/wp-content\/uploads\/2023\/10\/banner_principal_ES-705x227.jpg 705w, https:\/\/www.theologyscienceflorida.com\/uccimer\/wp-content\/uploads\/2023\/10\/banner_principal_ES-450x145.jpg 450w\" sizes=\"auto, (max-width: 1680px) 100vw, 1680px\" \/><\/div><\/div><\/div>\n<\/div><\/div><\/div><!-- close content main div --><\/div><\/div><div id='cursos' class='avia-section main_color avia-section-default avia-no-border-styling avia-bg-style-scroll  container_wrap fullsize' style = 'background-color: #d43548; '  ><div class='container' ><div class='template-page content  av-content-full alpha units'><div class='post-entry post-entry-type-page post-entry-5450'><div class='entry-content-wrapper clearfix'>\n<div class=\"flex_column av_one_third  av-animated-generic left-to-right  no_margin flex_column_div first  \" style='margin-top:30px; margin-bottom:30px; padding:30px; background-color:#d43547; border-radius:6px 0px 0px 6px ; '><section class=\"av_textblock_section\"  itemscope=\"itemscope\" itemtype=\"https:\/\/schema.org\/CreativeWork\" ><div class='avia_textblock  av_inherit_color'  style='color:#ffffff; '  itemprop=\"text\" ><h1><strong>Maestr\u00eda en educaci\u00f3n,<\/strong><\/h1>\n<h1><strong>Tecn\u00f3logo en educaci\u00f3n,<\/strong><\/h1>\n<h1><strong>Maestr\u00eda en Psicolog\u00eda Cl\u00ednica y varios otros.<\/strong><\/h1>\n<\/div><\/section><br \/>\n<div style='height:20px' class='hr hr-invisible '><span class='hr-inner ' ><span class='hr-inner-style'><\/span><\/span><\/div><br \/>\n<div class='avia-button-wrap avia-button-center '><a href='https:\/\/www.theologyscienceflorida.com\/uccimer\/cursos\/' class='avia-button avia-button-fullwidth  avia-icon_select-no avia-color-theme-color '  target=\"_blank\"  style='color:#ffffff; ' ><span class='avia_iconbox_title' >TODOS LOS CURSOS<\/span><span class='avia_button_background avia-button avia-button-fullwidth avia-color-theme-color-subtle' ><\/span><\/a><\/div><\/p><\/div><div class=\"flex_column av_two_third  av-animated-generic left-to-right  no_margin flex_column_div av-zero-column-padding   \" style='margin-top:30px; margin-bottom:30px; border-radius:0px; '><div id='av-masonry-1' class='av-masonry noHover av-fixed-size av-1px-gap av-hover-overlay-active av-masonry-col-3 av-caption-always av-caption-style- '  ><div class='av-masonry-container isotope av-js-disabled ' ><div class='av-masonry-entry isotope-item av-masonry-item-no-image '><\/div><a href=\"https:\/\/www.theologyscienceflorida.com\/uccimer\/curso\/bachelor-in-theology\/\" id='av-masonry-1-item-5623' data-av-masonry-item='5623' class='av-masonry-entry isotope-item post-5623 curso type-curso status-publish has-post-thumbnail hentry category-bacharelado-es category-cursos-home-es  av-masonry-item-with-image av-grid-img' title=\"Teologia\"  itemscope=\"itemscope\" itemtype=\"https:\/\/schema.org\/CreativeWork\" ><div class='av-inner-masonry-sizer'><\/div><figure class='av-inner-masonry main_color'><div class=\"av-masonry-outerimage-container\"><div class=\"av-masonry-image-container\" style=\"background-image: url(https:\/\/www.theologyscienceflorida.com\/uccimer\/wp-content\/uploads\/2018\/01\/biblia-estudio-lectura-notas.gif);\"><img decoding=\"async\" src=\"https:\/\/www.theologyscienceflorida.com\/uccimer\/wp-content\/uploads\/2018\/01\/biblia-estudio-lectura-notas.gif\" title=\"biblia-estudio-lectura-notas\" alt=\"\" \/><\/div><\/div><figcaption class='av-inner-masonry-content site-background'><div class='av-inner-masonry-content-pos'><div class='av-inner-masonry-content-pos-content'><div class='avia-arrow'><\/div><h3 class='av-masonry-entry-title entry-title'  itemprop=\"headline\" >Teologia<\/h3><\/div><\/div><\/figcaption><\/figure><\/a><!--end av-masonry entry--><a href=\"https:\/\/www.theologyscienceflorida.com\/uccimer\/curso\/bacharel-en-sociologia\/\" id='av-masonry-1-item-7182' data-av-masonry-item='7182' class='av-masonry-entry isotope-item post-7182 curso type-curso status-publish has-post-thumbnail hentry category-bacharelado-es category-cursos-home-es  av-masonry-item-with-image av-grid-img' title=\"Sociolog\u00eda\"  itemscope=\"itemscope\" itemtype=\"https:\/\/schema.org\/CreativeWork\" ><div class='av-inner-masonry-sizer'><\/div><figure class='av-inner-masonry main_color'><div class=\"av-masonry-outerimage-container\"><div class=\"av-masonry-image-container\" style=\"background-image: url(https:\/\/www.theologyscienceflorida.com\/uccimer\/wp-content\/uploads\/2019\/02\/people-walking-705x705.jpg);\"><img decoding=\"async\" src=\"https:\/\/www.theologyscienceflorida.com\/uccimer\/wp-content\/uploads\/2019\/02\/people-walking-705x705.jpg\" title=\"people-walking\" alt=\"\" \/><\/div><\/div><figcaption class='av-inner-masonry-content site-background'><div class='av-inner-masonry-content-pos'><div class='av-inner-masonry-content-pos-content'><div class='avia-arrow'><\/div><h3 class='av-masonry-entry-title entry-title'  itemprop=\"headline\" >Sociolog\u00eda<\/h3><\/div><\/div><\/figcaption><\/figure><\/a><!--end av-masonry entry--><a href=\"https:\/\/www.theologyscienceflorida.com\/uccimer\/curso\/bacharel-en-psicologia\/\" id='av-masonry-1-item-7200' data-av-masonry-item='7200' class='av-masonry-entry isotope-item post-7200 curso type-curso status-publish has-post-thumbnail hentry category-bacharelado-es category-cursos-home-es  av-masonry-item-with-image av-grid-img' title=\"Psicolog\u00eda\"  itemscope=\"itemscope\" itemtype=\"https:\/\/schema.org\/CreativeWork\" ><div class='av-inner-masonry-sizer'><\/div><figure class='av-inner-masonry main_color'><div class=\"av-masonry-outerimage-container\"><div class=\"av-masonry-image-container\" style=\"background-image: url(https:\/\/www.theologyscienceflorida.com\/uccimer\/wp-content\/uploads\/2019\/02\/psychology-705x705.jpg);\"><img decoding=\"async\" src=\"https:\/\/www.theologyscienceflorida.com\/uccimer\/wp-content\/uploads\/2019\/02\/psychology-705x705.jpg\" title=\"psychology\" alt=\"\" \/><\/div><\/div><figcaption class='av-inner-masonry-content site-background'><div class='av-inner-masonry-content-pos'><div class='av-inner-masonry-content-pos-content'><div class='avia-arrow'><\/div><h3 class='av-masonry-entry-title entry-title'  itemprop=\"headline\" >Psicolog\u00eda<\/h3><\/div><\/div><\/figcaption><\/figure><\/a><!--end av-masonry entry--><a href=\"https:\/\/www.theologyscienceflorida.com\/uccimer\/curso\/bacharel-en-musica\/\" id='av-masonry-1-item-7190' data-av-masonry-item='7190' class='av-masonry-entry isotope-item post-7190 curso type-curso status-publish has-post-thumbnail hentry category-bacharelado-es category-cursos-home-es  av-masonry-item-with-image av-grid-img' title=\"Musica\"  itemscope=\"itemscope\" itemtype=\"https:\/\/schema.org\/CreativeWork\" ><div class='av-inner-masonry-sizer'><\/div><figure class='av-inner-masonry main_color'><div class=\"av-masonry-outerimage-container\"><div class=\"av-masonry-image-container\" style=\"background-image: url(https:\/\/www.theologyscienceflorida.com\/uccimer\/wp-content\/uploads\/2019\/02\/BBC-Japan1-705x705.jpg);\"><img decoding=\"async\" src=\"https:\/\/www.theologyscienceflorida.com\/uccimer\/wp-content\/uploads\/2019\/02\/BBC-Japan1-705x705.jpg\" title=\"BBC-Japan1\" alt=\"\" \/><\/div><\/div><figcaption class='av-inner-masonry-content site-background'><div class='av-inner-masonry-content-pos'><div class='av-inner-masonry-content-pos-content'><div class='avia-arrow'><\/div><h3 class='av-masonry-entry-title entry-title'  itemprop=\"headline\" >Musica<\/h3><\/div><\/div><\/figcaption><\/figure><\/a><!--end av-masonry entry--><a href=\"https:\/\/www.theologyscienceflorida.com\/uccimer\/curso\/bacharelado-en-filosofia\/\" id='av-masonry-1-item-7133' data-av-masonry-item='7133' class='av-masonry-entry isotope-item post-7133 curso type-curso status-publish has-post-thumbnail hentry category-bacharelado-es category-cursos-home-es  av-masonry-item-with-image av-grid-img' title=\"Filosof\u00eda\"  itemscope=\"itemscope\" itemtype=\"https:\/\/schema.org\/CreativeWork\" ><div class='av-inner-masonry-sizer'><\/div><figure class='av-inner-masonry main_color'><div class=\"av-masonry-outerimage-container\"><div class=\"av-masonry-image-container\" style=\"background-image: url(https:\/\/www.theologyscienceflorida.com\/uccimer\/wp-content\/uploads\/2019\/01\/philo-major-705x465.jpg);\"><img decoding=\"async\" src=\"https:\/\/www.theologyscienceflorida.com\/uccimer\/wp-content\/uploads\/2019\/01\/philo-major-705x465.jpg\" title=\"philo-major\" alt=\"\" \/><\/div><\/div><figcaption class='av-inner-masonry-content site-background'><div class='av-inner-masonry-content-pos'><div class='av-inner-masonry-content-pos-content'><div class='avia-arrow'><\/div><h3 class='av-masonry-entry-title entry-title'  itemprop=\"headline\" >Filosof\u00eda<\/h3><\/div><\/div><\/figcaption><\/figure><\/a><!--end av-masonry entry--><a href=\"https:\/\/www.theologyscienceflorida.com\/uccimer\/curso\/licenciatura-en-educacion-artistica\/\" id='av-masonry-1-item-7140' data-av-masonry-item='7140' class='av-masonry-entry isotope-item post-7140 curso type-curso status-publish has-post-thumbnail hentry category-bacharelado-es category-cursos-home-es  av-masonry-item-with-image av-grid-img' title=\"Educaci\u00f3n Art\u00edstica\"  itemscope=\"itemscope\" itemtype=\"https:\/\/schema.org\/CreativeWork\" ><div class='av-inner-masonry-sizer'><\/div><figure class='av-inner-masonry main_color'><div class=\"av-masonry-outerimage-container\"><div class=\"av-masonry-image-container\" style=\"background-image: url(https:\/\/www.theologyscienceflorida.com\/uccimer\/wp-content\/uploads\/2019\/01\/arts494308980-705x529.jpg);\"><img decoding=\"async\" src=\"https:\/\/www.theologyscienceflorida.com\/uccimer\/wp-content\/uploads\/2019\/01\/arts494308980-705x529.jpg\" title=\"vector illustration of colourful brain\" alt=\"\" \/><\/div><\/div><figcaption class='av-inner-masonry-content site-background'><div class='av-inner-masonry-content-pos'><div class='av-inner-masonry-content-pos-content'><div class='avia-arrow'><\/div><h3 class='av-masonry-entry-title entry-title'  itemprop=\"headline\" >Educaci\u00f3n Art\u00edstica<\/h3><\/div><\/div><\/figcaption><\/figure><\/a><!--end av-masonry entry--><a href=\"https:\/\/www.theologyscienceflorida.com\/uccimer\/curso\/bachelor-in-coaching\/\" id='av-masonry-1-item-5630' data-av-masonry-item='5630' class='av-masonry-entry isotope-item post-5630 curso type-curso status-publish has-post-thumbnail hentry category-bacharelado-es category-cursos-home-es  av-masonry-item-with-image av-grid-img' title=\"Coaching\"  itemscope=\"itemscope\" itemtype=\"https:\/\/schema.org\/CreativeWork\" ><div class='av-inner-masonry-sizer'><\/div><figure class='av-inner-masonry main_color'><div class=\"av-masonry-outerimage-container\"><div class=\"av-masonry-image-container\" style=\"background-image: url(https:\/\/www.theologyscienceflorida.com\/uccimer\/wp-content\/uploads\/2018\/01\/coaching.jpg);\"><img decoding=\"async\" src=\"https:\/\/www.theologyscienceflorida.com\/uccimer\/wp-content\/uploads\/2018\/01\/coaching.jpg\" title=\"coaching\" alt=\"\" \/><\/div><\/div><figcaption class='av-inner-masonry-content site-background'><div class='av-inner-masonry-content-pos'><div class='av-inner-masonry-content-pos-content'><div class='avia-arrow'><\/div><h3 class='av-masonry-entry-title entry-title'  itemprop=\"headline\" >Coaching<\/h3><\/div><\/div><\/figcaption><\/figure><\/a><!--end av-masonry entry--><a href=\"https:\/\/www.theologyscienceflorida.com\/uccimer\/curso\/tecnologo-in-counseling\/\" id='av-masonry-1-item-5646' data-av-masonry-item='5646' class='av-masonry-entry isotope-item post-5646 curso type-curso status-publish has-post-thumbnail hentry category-bacharelado-es category-cursos-home-es  av-masonry-item-with-image av-grid-img' title=\"Asesoramiento\"  itemscope=\"itemscope\" itemtype=\"https:\/\/schema.org\/CreativeWork\" ><div class='av-inner-masonry-sizer'><\/div><figure class='av-inner-masonry main_color'><div class=\"av-masonry-outerimage-container\"><div class=\"av-masonry-image-container\" style=\"background-image: url(https:\/\/www.theologyscienceflorida.com\/uccimer\/wp-content\/uploads\/2017\/06\/maos-dadas-amor-novamente.gif);\"><img decoding=\"async\" src=\"https:\/\/www.theologyscienceflorida.com\/uccimer\/wp-content\/uploads\/2017\/06\/maos-dadas-amor-novamente.gif\" title=\"maos-dadas-amor-novamente\" alt=\"\" \/><\/div><\/div><figcaption class='av-inner-masonry-content site-background'><div class='av-inner-masonry-content-pos'><div class='av-inner-masonry-content-pos-content'><div class='avia-arrow'><\/div><h3 class='av-masonry-entry-title entry-title'  itemprop=\"headline\" >Asesoramiento<\/h3><\/div><\/div><\/figcaption><\/figure><\/a><!--end av-masonry entry--><\/div><\/div><\/div>\n\n<\/div><\/div><\/div><!-- close content main div --><\/div><\/div><div id='av_section_2' class='avia-section main_color avia-section-large avia-no-border-styling av-parallax-section avia-bg-style-parallax  container_wrap fullsize' style = 'background-color: #1e4586; ' data-section-bg-repeat='no-repeat' ><div class='av-parallax' data-avia-parallax-ratio='0.3' ><div class='av-parallax-inner main_color  avia-full-stretch' style = 'background-color: #1e4586; background-repeat: no-repeat; background-image: url(https:\/\/www.theologyscienceflorida.com\/uccimer\/wp-content\/uploads\/2018\/01\/bg_biblioteca.jpg); background-attachment: scroll; background-position: top center; ' ><\/div><\/div><div class='container' ><div class='template-page content  av-content-full alpha units'><div class='post-entry post-entry-type-page post-entry-5450'><div class='entry-content-wrapper clearfix'>\n<div class=\"flex_column av_one_third  av-animated-generic fade-in  flex_column_div av-zero-column-padding first  \" style='border-radius:0px; '><p><div class='avia-button-wrap avia-button-center '><a href='https:\/\/www.theologyscienceflorida.com\/uccimer\/es\/ser-colaborador\/' class='avia-button avia-button-fullwidth  avia-icon_select-no avia-color-custom '  target=\"_blank\"  style='color:#ffffff; background-color:#d43548;  ' ><span class='avia_iconbox_title' >COLABORADORES<\/span><span class='avia_button_background avia-button avia-button-fullwidth avia-color-custom' style='background-color:#e06d7c; '><\/span><\/a><\/div><br \/>\n<section class=\"av_textblock_section\"  itemscope=\"itemscope\" itemtype=\"https:\/\/schema.org\/CreativeWork\" ><div class='avia_textblock  av_inherit_color'  style='color:#ffffff; '  itemprop=\"text\" ><p style=\"text-align: center;\">Convi\u00e9rtete en un socio de UCCIMER &#8211; PY y forma parte de la Universidad que m\u00e1s crece en todo el <strong>mundo<\/strong>.<\/p>\n<\/div><\/section><\/p><\/div><div class=\"flex_column av_one_third  av-animated-generic fade-in  flex_column_div av-zero-column-padding   \" style='border-radius:0px; '><p><div class='avia-button-wrap avia-button-center '><a href='https:\/\/www.theologyscienceflorida.com\/uccimer\/uccimer-py-tv\/' class='avia-button avia-button-fullwidth  avia-icon_select-no avia-color-custom '  target=\"_blank\"  style='color:#ffffff; background-color:#d43548;  ' ><span class='avia_iconbox_title' >UCCIMER - PY TV<\/span><span class='avia_button_background avia-button avia-button-fullwidth avia-color-custom' style='background-color:#e06d7c; '><\/span><\/a><\/div><br \/>\n<section class=\"av_textblock_section\"  itemscope=\"itemscope\" itemtype=\"https:\/\/schema.org\/CreativeWork\" ><div class='avia_textblock  av_inherit_color'  style='color:#ffffff; '  itemprop=\"text\" ><p style=\"text-align: center;\">Vea sus clases por su computadora en cualquier lugar utilizando nuestro sistema.<\/p>\n<\/div><\/section><\/p><\/div><div class=\"flex_column av_one_third  av-animated-generic fade-in  flex_column_div av-zero-column-padding   \" style='border-radius:0px; '><p><div class='avia-button-wrap avia-button-center '><a href='https:\/\/www.theologyscienceflorida.com\/uccimer\/cursos\/' class='avia-button avia-button-fullwidth  avia-icon_select-no avia-color-custom '  target=\"_blank\"  style='color:#ffffff; background-color:#d43548;  ' ><span class='avia_iconbox_title' >UCCIMER - PY EAD<\/span><span class='avia_button_background avia-button avia-button-fullwidth avia-color-custom' style='background-color:#e06d7c; '><\/span><\/a><\/div><br \/>\n<section class=\"av_textblock_section\"  itemscope=\"itemscope\" itemtype=\"https:\/\/schema.org\/CreativeWork\" ><div class='avia_textblock  av_inherit_color'  style='color:#ffffff; '  itemprop=\"text\" ><p style=\"text-align: center;\">Encuentre todos nuestros cursos presenciales y la distancia con matr\u00edculas abiertas, no pierda tiempo.<\/p>\n<\/div><\/section><\/p><\/div>\n\n<div  class='hr hr-default '><span class='hr-inner ' ><span class='hr-inner-style'><\/span><\/span><\/div>\n<div class=\"flex_column av_three_fourth  flex_column_div av-zero-column-padding first  \" style='border-radius:0px; '><div  data-autoplay='true'  data-interval='5'  data-animation='slide'  class='avia-logo-element-container av-border-deactivate avia-logo-slider avia-content-slider avia-smallarrow-slider avia-content-slider-active noHover avia-content-slider1 avia-content-slider-odd ' ><div class='avia-smallarrow-slider-heading '><div class='new-special-heading'><h3>COLABORADORES<\/h3><\/div><div class='avia-slideshow-arrows avia-slideshow-controls'><a href='#prev' class='prev-slide' aria-hidden='true' data-av_icon='\ue87c' data-av_iconfont='entypo-fontello'>Anterior<\/a><a href='#next' class='next-slide' aria-hidden='true' data-av_icon='\ue87d' data-av_iconfont='entypo-fontello'>Posterior<\/a><\/div><\/div><div class='avia-content-slider-inner'><div class='slide-entry-wrap'  itemscope=\"itemscope\" itemtype=\"https:\/\/schema.org\/ImageObject\" ><div  class='slide-entry flex_column no_margin post-entry slide-entry-overview slide-loop-1 slide-parity-odd  av_one_fifth first real-thumbnail'><img loading=\"lazy\" decoding=\"async\"  itemprop=\"thumbnailUrl\"  width=\"232\" height=\"118\" src=\"https:\/\/www.theologyscienceflorida.com\/uccimer\/wp-content\/uploads\/2018\/02\/brasao_modificado.jpg\" class=\"attachment-no scaling size-no scaling\" alt=\"\" \/><\/div><div  class='slide-entry flex_column no_margin post-entry slide-entry-overview slide-loop-2 slide-parity-even  av_one_fifth  real-thumbnail'><img loading=\"lazy\" decoding=\"async\"  itemprop=\"thumbnailUrl\"  width=\"230\" height=\"81\" src=\"https:\/\/www.theologyscienceflorida.com\/uccimer\/wp-content\/uploads\/2019\/06\/ddds-2.jpg\" class=\"attachment-no scaling size-no scaling\" alt=\"\" \/><\/div><div  class='slide-entry flex_column no_margin post-entry slide-entry-overview slide-loop-3 slide-parity-odd  av_one_fifth  real-thumbnail'><img loading=\"lazy\" decoding=\"async\"  itemprop=\"thumbnailUrl\"  width=\"107\" height=\"109\" src=\"https:\/\/www.theologyscienceflorida.com\/uccimer\/wp-content\/uploads\/2018\/02\/selo_capelania-1.png\" class=\"attachment-no scaling size-no scaling\" alt=\"\" srcset=\"https:\/\/www.theologyscienceflorida.com\/uccimer\/wp-content\/uploads\/2018\/02\/selo_capelania-1.png 107w, https:\/\/www.theologyscienceflorida.com\/uccimer\/wp-content\/uploads\/2018\/02\/selo_capelania-1-36x36.png 36w\" sizes=\"auto, (max-width: 107px) 100vw, 107px\" \/><\/div><div  class='slide-entry flex_column no_margin post-entry slide-entry-overview slide-loop-4 slide-parity-even  av_one_fifth  real-thumbnail'><img loading=\"lazy\" decoding=\"async\"  itemprop=\"thumbnailUrl\"  width=\"230\" height=\"81\" src=\"https:\/\/www.theologyscienceflorida.com\/uccimer\/wp-content\/uploads\/2019\/06\/aera-1.jpg\" class=\"attachment-no scaling size-no scaling\" alt=\"\" \/><\/div><div  class='slide-entry flex_column no_margin post-entry slide-entry-overview slide-loop-5 slide-parity-odd  av_one_fifth  real-thumbnail'><img loading=\"lazy\" decoding=\"async\"  itemprop=\"thumbnailUrl\"  width=\"350\" height=\"120\" src=\"https:\/\/www.theologyscienceflorida.com\/uccimer\/wp-content\/uploads\/2019\/07\/FASA_Logo.jpg\" class=\"attachment-no scaling size-no scaling\" alt=\"\" \/><\/div><\/div><div class='slide-entry-wrap'  itemscope=\"itemscope\" itemtype=\"https:\/\/schema.org\/ImageObject\" ><div  class='slide-entry flex_column no_margin post-entry slide-entry-overview slide-loop-6 slide-parity-odd  post-entry-last  av_one_fifth first real-thumbnail'><img loading=\"lazy\" decoding=\"async\"  itemprop=\"thumbnailUrl\"  width=\"146\" height=\"100\" src=\"https:\/\/www.theologyscienceflorida.com\/uccimer\/wp-content\/uploads\/2023\/09\/logo-parceiro.png\" class=\"attachment-no scaling size-no scaling\" alt=\"\" \/><\/div><\/div><\/div><\/div><\/div>\n<div class=\"flex_column av_one_fourth  flex_column_div av-zero-column-padding   \" style='border-radius:0px; '><section class=\"avia_codeblock_section avia_code_block_0\"  itemscope=\"itemscope\" itemtype=\"https:\/\/schema.org\/CreativeWork\" ><div class='avia_codeblock '  itemprop=\"text\" > [avia_codeblock_placeholder uid=\"0\"] <\/div><\/section><\/div>\n","protected":false},"excerpt":{"rendered":"","protected":false},"author":1,"featured_media":0,"parent":0,"menu_order":0,"comment_status":"closed","ping_status":"closed","template":"","meta":{"content-type":"","footnotes":""},"class_list":["post-5450","page","type-page","status-publish","hentry"],"_links":{"self":[{"href":"https:\/\/www.theologyscienceflorida.com\/uccimer\/wp-json\/wp\/v2\/pages\/5450","targetHints":{"allow":["GET"]}}],"collection":[{"href":"https:\/\/www.theologyscienceflorida.com\/uccimer\/wp-json\/wp\/v2\/pages"}],"about":[{"href":"https:\/\/www.theologyscienceflorida.com\/uccimer\/wp-json\/wp\/v2\/types\/page"}],"author":[{"embeddable":true,"href":"https:\/\/www.theologyscienceflorida.com\/uccimer\/wp-json\/wp\/v2\/users\/1"}],"replies":[{"embeddable":true,"href":"https:\/\/www.theologyscienceflorida.com\/uccimer\/wp-json\/wp\/v2\/comments?post=5450"}],"version-history":[{"count":26,"href":"https:\/\/www.theologyscienceflorida.com\/uccimer\/wp-json\/wp\/v2\/pages\/5450\/revisions"}],"predecessor-version":[{"id":8002,"href":"https:\/\/www.theologyscienceflorida.com\/uccimer\/wp-json\/wp\/v2\/pages\/5450\/revisions\/8002"}],"wp:attachment":[{"href":"https:\/\/www.theologyscienceflorida.com\/uccimer\/wp-json\/wp\/v2\/media?parent=5450"}],"curies":[{"name":"wp","href":"https:\/\/api.w.org\/{rel}","templated":true}]}}