{"id":5447,"date":"2018-02-06T01:55:36","date_gmt":"2018-02-06T03:55:36","guid":{"rendered":"https:\/\/www.theologyscienceflorida.com\/uccimer\/?page_id=5447"},"modified":"2018-02-07T17:23:19","modified_gmt":"2018-02-07T19:23:19","slug":"graducion-2017","status":"publish","type":"page","link":"https:\/\/www.theologyscienceflorida.com\/uccimer\/graducion-2017\/","title":{"rendered":"Graduci\u00f3n 2017"},"content":{"rendered":"<div class=\"flex_column av_one_full  flex_column_div av-zero-column-padding first  \" style='border-radius:0px; '><section class=\"av_textblock_section\"  itemscope=\"itemscope\" itemtype=\"https:\/\/schema.org\/CreativeWork\" ><div class='avia_textblock '   itemprop=\"text\" ><h1><strong>CEREMONIA DE GRADUACI\u00d3N 2017<\/strong><\/h1>\n<\/div><\/section><\/div><div class=\"flex_column av_one_full  flex_column_div av-zero-column-padding first  \" style='border-radius:0px; '><section class=\"av_textblock_section\"  itemscope=\"itemscope\" itemtype=\"https:\/\/schema.org\/CreativeWork\" ><div class='avia_textblock '   itemprop=\"text\" ><p>La\u00a0 ceremonia de graduaci\u00f3n principal de la Universidad se lleva a cabo la primera semana de diciembre. En algunos casos, llevamos a cabo una ceremonia de graduaci\u00f3n a mitad de a\u00f1o. La mismase realiza la primera semana de Junio. Los graduados deben completar los requisitos especificados en el cat\u00e1logo y en el Acuerdo de Inscripci\u00f3n. Aquellos estudiantes que esperan graduarse deber\u00e1n leer la informaci\u00f3n de ceremonia de graduaci\u00f3n antes de la graduaci\u00f3n. Los t\u00edtulos ser\u00e1n expedidos despu\u00e9s de la misma. En conjunci\u00f3n con los requisitos del programa acad\u00e9mico, se requiere que todos los estudiantes se encuentren registrados durante al menos 12 meses para poder graduarse. En el caso de los t\u00edtulos de grado son normalmente cuatro a\u00f1os, pero esto puede acelerarse si el estudiante toma clases adicionales.<\/p>\n<\/div><\/section><\/div><\/p>\n","protected":false},"excerpt":{"rendered":"","protected":false},"author":1,"featured_media":0,"parent":0,"menu_order":0,"comment_status":"closed","ping_status":"closed","template":"","meta":{"content-type":"","footnotes":""},"class_list":["post-5447","page","type-page","status-publish","hentry"],"_links":{"self":[{"href":"https:\/\/www.theologyscienceflorida.com\/uccimer\/wp-json\/wp\/v2\/pages\/5447","targetHints":{"allow":["GET"]}}],"collection":[{"href":"https:\/\/www.theologyscienceflorida.com\/uccimer\/wp-json\/wp\/v2\/pages"}],"about":[{"href":"https:\/\/www.theologyscienceflorida.com\/uccimer\/wp-json\/wp\/v2\/types\/page"}],"author":[{"embeddable":true,"href":"https:\/\/www.theologyscienceflorida.com\/uccimer\/wp-json\/wp\/v2\/users\/1"}],"replies":[{"embeddable":true,"href":"https:\/\/www.theologyscienceflorida.com\/uccimer\/wp-json\/wp\/v2\/comments?post=5447"}],"version-history":[{"count":3,"href":"https:\/\/www.theologyscienceflorida.com\/uccimer\/wp-json\/wp\/v2\/pages\/5447\/revisions"}],"predecessor-version":[{"id":6588,"href":"https:\/\/www.theologyscienceflorida.com\/uccimer\/wp-json\/wp\/v2\/pages\/5447\/revisions\/6588"}],"wp:attachment":[{"href":"https:\/\/www.theologyscienceflorida.com\/uccimer\/wp-json\/wp\/v2\/media?parent=5447"}],"curies":[{"name":"wp","href":"https:\/\/api.w.org\/{rel}","templated":true}]}}