{"id":5390,"date":"2018-02-06T01:10:44","date_gmt":"2018-02-06T03:10:44","guid":{"rendered":"https:\/\/www.theologyscienceflorida.com\/uccimer\/?page_id=5390"},"modified":"2018-02-07T17:19:49","modified_gmt":"2018-02-07T19:19:49","slug":"catalogo","status":"publish","type":"page","link":"https:\/\/www.theologyscienceflorida.com\/uccimer\/catalogo\/","title":{"rendered":"Cat\u00e1logo"},"content":{"rendered":"<div class=\"flex_column av_one_full  flex_column_div av-zero-column-padding first  \" style='border-radius:0px; '><section class=\"av_textblock_section\"  itemscope=\"itemscope\" itemtype=\"https:\/\/schema.org\/CreativeWork\" ><div class='avia_textblock '   itemprop=\"text\" ><h1><strong>CAT\u00c1LOGO<\/strong><\/h1>\n<\/div><\/section><\/div><div class=\"flex_column av_one_full  flex_column_div av-zero-column-padding first  \" style='border-radius:0px; '><section class=\"av_textblock_section\"  itemscope=\"itemscope\" itemtype=\"https:\/\/schema.org\/CreativeWork\" ><div class='avia_textblock '   itemprop=\"text\" ><p>El Cat\u00e1logo Acad\u00e9mico es una recopilaci\u00f3n de la informaci\u00f3n principal de nuestra organizaci\u00f3n, en el mismo se encuentran los programas acad\u00e9micos, la descripci\u00f3n de los diferentes cursos en detalle y el\u00a0<em>modus operandi<\/em>. Gran parte de su contenido ya se encuentran contemplados en otras \u00e1reas de este sitio web, sin embargo, en este catalog\u00f3 se puede encontrar toda la informaci\u00f3n condensada en un solo lugar. Constantemente actualizamos este catalogo para asegurar la exactitud\u00a0 del mismo, pero la din\u00e1mica de nuestra universidad y la mejora continua podr\u00eda causar cambios en algunos aspectos sin previo aviso. Por favor, p\u00f3ngase en contacto con nosotros, en caso de que necesite confirmar alg\u00fan punto espec\u00edfico o para obtener informaci\u00f3n adicional.<\/p>\n<\/div><\/section><\/div><\/p>\n","protected":false},"excerpt":{"rendered":"","protected":false},"author":1,"featured_media":0,"parent":0,"menu_order":0,"comment_status":"closed","ping_status":"closed","template":"","meta":{"content-type":"","footnotes":""},"class_list":["post-5390","page","type-page","status-publish","hentry"],"_links":{"self":[{"href":"https:\/\/www.theologyscienceflorida.com\/uccimer\/wp-json\/wp\/v2\/pages\/5390","targetHints":{"allow":["GET"]}}],"collection":[{"href":"https:\/\/www.theologyscienceflorida.com\/uccimer\/wp-json\/wp\/v2\/pages"}],"about":[{"href":"https:\/\/www.theologyscienceflorida.com\/uccimer\/wp-json\/wp\/v2\/types\/page"}],"author":[{"embeddable":true,"href":"https:\/\/www.theologyscienceflorida.com\/uccimer\/wp-json\/wp\/v2\/users\/1"}],"replies":[{"embeddable":true,"href":"https:\/\/www.theologyscienceflorida.com\/uccimer\/wp-json\/wp\/v2\/comments?post=5390"}],"version-history":[{"count":3,"href":"https:\/\/www.theologyscienceflorida.com\/uccimer\/wp-json\/wp\/v2\/pages\/5390\/revisions"}],"predecessor-version":[{"id":6856,"href":"https:\/\/www.theologyscienceflorida.com\/uccimer\/wp-json\/wp\/v2\/pages\/5390\/revisions\/6856"}],"wp:attachment":[{"href":"https:\/\/www.theologyscienceflorida.com\/uccimer\/wp-json\/wp\/v2\/media?parent=5390"}],"curies":[{"name":"wp","href":"https:\/\/api.w.org\/{rel}","templated":true}]}}