{"id":5369,"date":"2018-02-06T00:57:44","date_gmt":"2018-02-06T02:57:44","guid":{"rendered":"https:\/\/www.theologyscienceflorida.com\/uccimer\/?page_id=5369"},"modified":"2023-09-25T11:05:57","modified_gmt":"2023-09-25T14:05:57","slug":"academico","status":"publish","type":"page","link":"https:\/\/www.theologyscienceflorida.com\/uccimer\/academico\/","title":{"rendered":"Acad\u00e9mico"},"content":{"rendered":"<div class=\"flex_column av_one_full  flex_column_div av-zero-column-padding first  \" style='border-radius:0px; '><section class=\"av_textblock_section\"  itemscope=\"itemscope\" itemtype=\"https:\/\/schema.org\/CreativeWork\" ><div class='avia_textblock '   itemprop=\"text\" ><h1><strong>ACAD\u00c9MICO<\/strong><\/h1>\n<\/div><\/section><\/div>\n<div class=\"flex_column av_one_full  flex_column_div av-zero-column-padding first  \" style='border-radius:0px; '><section class=\"av_textblock_section\"  itemscope=\"itemscope\" itemtype=\"https:\/\/schema.org\/CreativeWork\" ><div class='avia_textblock '   itemprop=\"text\" ><p>UCCIMER &#8211; PY facilita el ingreso a trav\u00e9s de los precios, las condiciones de pago, al aceptar cr\u00e9ditos de instituciones formales y el reconocimiento de la experiencia de vida para los programas de Licenciatura. Los cursos se ofrecen en l\u00ednea o en un sal\u00f3n de clases en varias sucursales establecidas en ubicaciones calificadas o a trav\u00e9s de asociaciones, y pueden estar disponibles en tres idiomas: ingl\u00e9s, espa\u00f1ol y portugu\u00e9s. El a\u00f1o acad\u00e9mico de UCCIMER &#8211; PY consta de cuatro trimestres. El estudiante presencial puede comenzar un programa al comienzo de cada trimestre. Nuestros estudiantes en l\u00ednea pueden comenzar en cualquier momento, con la aprobaci\u00f3n de la administraci\u00f3n.<\/p>\n<\/div><\/section><\/div>\n","protected":false},"excerpt":{"rendered":"","protected":false},"author":1,"featured_media":0,"parent":0,"menu_order":0,"comment_status":"closed","ping_status":"closed","template":"","meta":{"content-type":"","footnotes":""},"class_list":["post-5369","page","type-page","status-publish","hentry"],"_links":{"self":[{"href":"https:\/\/www.theologyscienceflorida.com\/uccimer\/wp-json\/wp\/v2\/pages\/5369","targetHints":{"allow":["GET"]}}],"collection":[{"href":"https:\/\/www.theologyscienceflorida.com\/uccimer\/wp-json\/wp\/v2\/pages"}],"about":[{"href":"https:\/\/www.theologyscienceflorida.com\/uccimer\/wp-json\/wp\/v2\/types\/page"}],"author":[{"embeddable":true,"href":"https:\/\/www.theologyscienceflorida.com\/uccimer\/wp-json\/wp\/v2\/users\/1"}],"replies":[{"embeddable":true,"href":"https:\/\/www.theologyscienceflorida.com\/uccimer\/wp-json\/wp\/v2\/comments?post=5369"}],"version-history":[{"count":5,"href":"https:\/\/www.theologyscienceflorida.com\/uccimer\/wp-json\/wp\/v2\/pages\/5369\/revisions"}],"predecessor-version":[{"id":7981,"href":"https:\/\/www.theologyscienceflorida.com\/uccimer\/wp-json\/wp\/v2\/pages\/5369\/revisions\/7981"}],"wp:attachment":[{"href":"https:\/\/www.theologyscienceflorida.com\/uccimer\/wp-json\/wp\/v2\/media?parent=5369"}],"curies":[{"name":"wp","href":"https:\/\/api.w.org\/{rel}","templated":true}]}}