{"id":5005,"date":"2018-02-05T12:36:31","date_gmt":"2018-02-05T14:36:31","guid":{"rendered":"https:\/\/www.theologyscienceflorida.com\/its\/?page_id=5005"},"modified":"2025-02-24T13:47:47","modified_gmt":"2025-02-24T16:47:47","slug":"courses","status":"publish","type":"page","link":"https:\/\/www.theologyscienceflorida.com\/its\/courses\/","title":{"rendered":"Courses"},"content":{"rendered":"<div class=\"flex_column av_one_full  flex_column_div av-zero-column-padding first  \" style='border-radius:0px; '><section class=\"av_textblock_section\"  itemscope=\"itemscope\" itemtype=\"https:\/\/schema.org\/CreativeWork\" ><div class='avia_textblock '   itemprop=\"text\" ><h1><strong>COURSES<\/strong><\/h1>\n<\/div><\/section><\/div>\n<div class=\"flex_column av_one_full  flex_column_div av-zero-column-padding first  \" style='border-radius:0px; '><section class=\"av_textblock_section\"  itemscope=\"itemscope\" itemtype=\"https:\/\/schema.org\/CreativeWork\" ><div class='avia_textblock '   itemprop=\"text\" ><p style=\"text-align: justify;\">The programs developed by THEOLOGY &amp; SCIENCES INSTITUTE of FLORIDA USA INC, maintainer of FLORIDA ASSEMBLY OF GOD UNIVERSITY, offer the full experience of training our teachers in the following areas: Bachelor, Associate, Master, Doctorate, combined with the incredible structure provided by technology that we have available for over a decade. In addition to offering high quality training, many of our courses are also available in other languages ??such as English, Portuguese and Spanish. If presence in the classroom is a problem for you, don&#8217;t worry, our programs, in addition to being offered face-to-face, semi-face-to-face, are also available on a distance learning platform, using MOODLE as mediation between student and faculty, offering 24-hour online tutoring.<\/p>\n<p>O aluno regular da Florida Assembly of God University dever\u00e1 obter 18 (dezoito) cr\u00e9ditos, sendo cada cr\u00e9dito correspondente a 60 horas-aula, sendo: 13 (treze) cr\u00e9ditos obtidos em atividades docentes; 5,33 (cinco e trinta e tr\u00eas d\u00e9cimos) cr\u00e9ditos obtidos na defesa da disserta\u00e7\u00e3o, tese ou monografia. Al\u00e9m disso, compreende a estrutura curricular dos programas, o exame de profici\u00eancia em l\u00edngua estrangeira e o exame de qualifica\u00e7\u00e3o e admiss\u00e3o, atividades de orienta\u00e7\u00e3o e produ\u00e7\u00e3o de disserta\u00e7\u00f5es e exerc\u00edcio de atividades\u00a0especiais.<\/p>\n<p>All syllabus content for each course may be requested to course coordinators via email: <a href=\"mailto:contact@theologyscienceflorida.com\">contact@theologyscienceflorida.com<\/a><\/p>\n<section class=\"av_textblock_section\">\n<div class=\"avia_textblock \">\n<p><strong>Registration requirements:<\/strong><\/p>\n<p>I \u2013 Application for admission<\/p>\n<p>II \u2013 High School Diploma or General Education Development (GED)<\/p>\n<p>III \u2013 Postgraduate courses, higher education diplomas<\/p>\n<\/div>\n<\/section>\n<\/div><\/section><\/div>\n<div class=\"flex_column av_one_full  flex_column_div av-zero-column-padding first  \" style='border-radius:0px; '><p><section class=\"av_textblock_section\"  itemscope=\"itemscope\" itemtype=\"https:\/\/schema.org\/CreativeWork\" ><div class='avia_textblock '   itemprop=\"text\" ><p><strong>Registration requirements:<\/strong><\/p>\n<p>I \u2013 Application for admission<\/p>\n<p>II \u2013 High School Diploma or General Education Development (GED)<\/p>\n<p>III \u2013 Postgraduate courses, higher education diplomas<\/p>\n<\/div><\/section><br \/>\n<div class='avia-button-wrap avia-button-center '><a href='https:\/\/www.theologyscienceflorida.com\/its\/apply-now\/' class='avia-button  avia-icon_select-no avia-color-theme-color avia-size-x-large avia-position-center '   ><span class='avia_iconbox_title' >APPLY NOW<\/span><\/a><\/div><\/p><\/div>\n","protected":false},"excerpt":{"rendered":"","protected":false},"author":1,"featured_media":0,"parent":0,"menu_order":0,"comment_status":"closed","ping_status":"closed","template":"","meta":{"content-type":"","footnotes":""},"class_list":["post-5005","page","type-page","status-publish","hentry"],"_links":{"self":[{"href":"https:\/\/www.theologyscienceflorida.com\/its\/wp-json\/wp\/v2\/pages\/5005","targetHints":{"allow":["GET"]}}],"collection":[{"href":"https:\/\/www.theologyscienceflorida.com\/its\/wp-json\/wp\/v2\/pages"}],"about":[{"href":"https:\/\/www.theologyscienceflorida.com\/its\/wp-json\/wp\/v2\/types\/page"}],"author":[{"embeddable":true,"href":"https:\/\/www.theologyscienceflorida.com\/its\/wp-json\/wp\/v2\/users\/1"}],"replies":[{"embeddable":true,"href":"https:\/\/www.theologyscienceflorida.com\/its\/wp-json\/wp\/v2\/comments?post=5005"}],"version-history":[{"count":17,"href":"https:\/\/www.theologyscienceflorida.com\/its\/wp-json\/wp\/v2\/pages\/5005\/revisions"}],"predecessor-version":[{"id":7974,"href":"https:\/\/www.theologyscienceflorida.com\/its\/wp-json\/wp\/v2\/pages\/5005\/revisions\/7974"}],"wp:attachment":[{"href":"https:\/\/www.theologyscienceflorida.com\/its\/wp-json\/wp\/v2\/media?parent=5005"}],"curies":[{"name":"wp","href":"https:\/\/api.w.org\/{rel}","templated":true}]}}